{"id":1465,"date":"2022-08-05T11:39:48","date_gmt":"2022-08-05T09:39:48","guid":{"rendered":"https:\/\/evamayerhofer.de\/?page_id=1465"},"modified":"2023-10-12T18:11:24","modified_gmt":"2023-10-12T16:11:24","slug":"presse","status":"publish","type":"page","link":"https:\/\/evamayerhofer.de\/en\/presse\/","title":{"rendered":"Presse"},"content":{"rendered":"<div data-elementor-type=\"wp-page\" data-elementor-id=\"1465\" class=\"elementor elementor-1465\">\n\t\t\t\t\t\t<section class=\"elementor-section elementor-top-section elementor-element elementor-element-2e312f7 elementor-section-height-min-height elementor-section-boxed elementor-section-height-default elementor-section-items-middle\" data-id=\"2e312f7\" data-element_type=\"section\">\n\t\t\t\t\t\t\t<div class=\"elementor-background-overlay\"><\/div>\n\t\t\t\t\t\t\t<div class=\"elementor-container elementor-column-gap-default\">\n\t\t\t\t\t<div class=\"elementor-column elementor-col-100 elementor-top-column elementor-element elementor-element-04a6a40\" data-id=\"04a6a40\" data-element_type=\"column\">\n\t\t\t<div class=\"elementor-widget-wrap elementor-element-populated\">\n\t\t\t\t\t\t<div class=\"elementor-element elementor-element-b6d6104 elementor-widget elementor-widget-image\" data-id=\"b6d6104\" data-element_type=\"widget\" data-widget_type=\"image.default\">\n\t\t\t\t<div class=\"elementor-widget-container\">\n\t\t\t<style>\/*! elementor - v3.19.0 - 07-02-2024 *\/\n.elementor-widget-image{text-align:center}.elementor-widget-image a{display:inline-block}.elementor-widget-image a img[src$=\".svg\"]{width:48px}.elementor-widget-image img{vertical-align:middle;display:inline-block}<\/style>\t\t\t\t\t\t\t\t\t\t<img fetchpriority=\"high\" decoding=\"async\" width=\"300\" height=\"267\" src=\"https:\/\/evamayerhofer.de\/wp-content\/uploads\/2022\/03\/CD-Cover10--300x267.jpeg\" class=\"attachment-medium size-medium wp-image-90\" alt=\"\" srcset=\"https:\/\/evamayerhofer.de\/wp-content\/uploads\/2022\/03\/CD-Cover10--300x267.jpeg 300w, https:\/\/evamayerhofer.de\/wp-content\/uploads\/2022\/03\/CD-Cover10--13x12.jpeg 13w, https:\/\/evamayerhofer.de\/wp-content\/uploads\/2022\/03\/CD-Cover10-.jpeg 591w\" sizes=\"(max-width: 300px) 100vw, 300px\" \/>\t\t\t\t\t\t\t\t\t\t\t\t\t<\/div>\n\t\t\t\t<\/div>\n\t\t\t\t\t<\/div>\n\t\t<\/div>\n\t\t\t\t\t<\/div>\n\t\t<\/section>\n\t\t\t\t<section class=\"elementor-section elementor-top-section elementor-element elementor-element-d9c794f elementor-section-boxed elementor-section-height-default elementor-section-height-default\" data-id=\"d9c794f\" data-element_type=\"section\">\n\t\t\t\t\t\t<div class=\"elementor-container elementor-column-gap-default\">\n\t\t\t\t\t<div class=\"elementor-column elementor-col-100 elementor-top-column elementor-element elementor-element-aba5e06\" data-id=\"aba5e06\" data-element_type=\"column\">\n\t\t\t<div class=\"elementor-widget-wrap\">\n\t\t\t\t\t\t\t<\/div>\n\t\t<\/div>\n\t\t\t\t\t<\/div>\n\t\t<\/section>\n\t\t\t\t<section class=\"elementor-section elementor-top-section elementor-element elementor-element-5decb70 elementor-section-boxed elementor-section-height-default elementor-section-height-default\" data-id=\"5decb70\" data-element_type=\"section\">\n\t\t\t\t\t\t<div class=\"elementor-container elementor-column-gap-default\">\n\t\t\t\t\t<div class=\"elementor-column elementor-col-100 elementor-top-column elementor-element elementor-element-51eda7c\" data-id=\"51eda7c\" data-element_type=\"column\">\n\t\t\t<div class=\"elementor-widget-wrap elementor-element-populated\">\n\t\t\t\t\t\t<div class=\"elementor-element elementor-element-5d3a7b0 elementor-widget elementor-widget-heading\" data-id=\"5d3a7b0\" data-element_type=\"widget\" data-widget_type=\"heading.default\">\n\t\t\t\t<div class=\"elementor-widget-container\">\n\t\t\t<style>\/*! elementor - v3.19.0 - 07-02-2024 *\/\n.elementor-heading-title{padding:0;margin:0;line-height:1}.elementor-widget-heading .elementor-heading-title[class*=elementor-size-]>a{color:inherit;font-size:inherit;line-height:inherit}.elementor-widget-heading .elementor-heading-title.elementor-size-small{font-size:15px}.elementor-widget-heading .elementor-heading-title.elementor-size-medium{font-size:19px}.elementor-widget-heading .elementor-heading-title.elementor-size-large{font-size:29px}.elementor-widget-heading .elementor-heading-title.elementor-size-xl{font-size:39px}.elementor-widget-heading .elementor-heading-title.elementor-size-xxl{font-size:59px}<\/style><h2 class=\"elementor-heading-title elementor-size-default\"><p style=\"margin-right: 0px; margin-bottom: 0px; margin-left: 0px; font-weight: normal; font-stretch: normal; font-size: 20px; line-height: normal; font-family: Times; color: rgb(0, 0, 0);\">Pressestimmen CD \u201eLife And Death\u201c  2017&nbsp;<\/p><br><p style=\"margin-right: 0px; margin-bottom: 12px; margin-left: 0px; font-weight: normal; font-stretch: normal; font-size: 17px; line-height: normal; font-family: Times; color: rgb(0, 0, 0); min-height: 20px;\"><i style=\"color: rgb(29, 29, 29); letter-spacing: 0px; text-align: inherit;\">\u201eGemeinsam mit Roger Hanschel widmet sich Eva Mayerhofer (\u201eLife And Death\u201c,Neuklang In-akus- tik) der Lyrik von Christina Rossetti. Neben den fast schon kunstliedhaft anglegten Kompositionen Hanschels begeistert Eva Mayerhofer mit einer allein schon insofern au\u00dfergew\u00f6hnlichen gesang- lichen Leistung, als sie es brillant versteht, ihre Stimme mal flie\u00dfend in die Klangfarbe der Instru- mente einzubinden, sich geradezu in ihr aufzul\u00f6sen, und sich mal aus dieser Eingebundenheit zu erheben und dabei aufzugehen wie ein Bl\u00fcte im Zeitraffer. Sie erschafft dadurch in ihrem Gesang eine zweite Bedeutungsebene, die dieser gro\u00dfartigen Lyrik immer wieder den geb\u00fchrenden Raum gibt. Das ist gro\u00dfe, nein: maximale Gestaltungskunst. Hervorragend.\u201c&nbsp;<\/i><span style=\"color: rgb(17, 90, 95); letter-spacing: 0px; text-align: inherit;\">(Jazzpodium 2\/2017)&nbsp;<\/span><\/p>\n<p style=\"margin-right: 0px; margin-bottom: 12px; margin-left: 0px; font-weight: normal; font-stretch: normal; font-size: 17px; line-height: normal; font-family: Times; color: rgb(29, 29, 29);\"><i>.....\u201c Ihre reife Stimme nimmt sich der Texte sensibel und ausdrucksstark an, setzt haarfeine Akzente und l\u00e4sst die Inhalte nicht in \u00fcberschw\u00e4nglichen Interpretationen untergehen.\u201c <\/i><span style=\"color: #115a5f\">(JazzFun 2017)&nbsp;<\/span><\/p>\n<p style=\"margin-right: 0px; margin-bottom: 12px; margin-left: 0px; font-weight: normal; font-stretch: normal; font-size: 17px; line-height: normal; font-family: Times; color: rgb(29, 29, 29);\"><i>\u201eDie nun auf Life And Death zu h\u00f6renden sieben St\u00fccke sind derart trefflich mit kammermusikalischer Finesse und raffinierten <\/i><span style=\"color: #0c0c0c\"><i>Rhythmen harmonisch arrangiert, dass sie mit Mayerhofers warmer und reifer Stimme den perfekten Einklang bilden .\u201c&nbsp;<\/i><\/span><span style=\"color: rgb(17, 90, 95); letter-spacing: 0px; text-align: inherit;\">(Jazzthing 2\/2017)&nbsp;<\/span><\/p>\n<p style=\"margin-right: 0px; margin-bottom: 12px; margin-left: 0px; font-weight: normal; font-stretch: normal; font-size: 17px; line-height: normal; font-family: Times; color: rgb(29, 29, 29);\"><i>\u201e....Ein mutiges Album, das erstaunt und fasziniert...\u201c&nbsp;<\/i><span style=\"color: rgb(32, 105, 110); letter-spacing: 0px; text-align: inherit;\">(soultrain online 2017)&nbsp;<\/span><\/p>\n<p style=\"margin-right: 0px; margin-bottom: 12px; margin-left: 0px; font-weight: normal; font-stretch: normal; font-size: 17px; line-height: normal; font-family: Times; color: rgb(29, 29, 29);\"><i>....Nicht nur durch die Texte von Rossetti allein ist es ein bek\u00fcmmert schwerm\u00fctiges Album geworden, das zu keiner Zeit schwerf\u00e4llig wirkt. Die Stimme von Eva Mayerhofer unterstreicht und klingt wie ma\u00dfgeschneidert. Eine rundum wundersch\u00f6n gelungene Umsetzung einer Literaturvertonung.\u201c <\/i><span style=\"color: #20696e\">(2\/17 Melodiva)&nbsp;<\/span><\/p>\n<p style=\"margin-right: 0px; margin-bottom: 12px; margin-left: 0px; font-weight: normal; font-stretch: normal; font-size: 17px; line-height: normal; font-family: Times; color: rgb(29, 29, 29);\"><i>\u201e...Mit einer von Streichern gepr\u00e4gten Band um den Produzenten und Saxophonisten Roger Han- schel ist der deutschen S\u00e4ngerin ein fein t\u00f6nendes Album gelungen, das die ganz besondere Poesie der Britin Christina Rossetti in spannende T\u00f6ne kleidet.\u201c<br><\/i><span style=\"color: #20696e\">(2\/17 Zeitungshaus Bauer)&nbsp;<\/span><\/p>\n<p style=\"margin-right: 0px; margin-bottom: 12px; margin-left: 0px; font-weight: normal; font-stretch: normal; font-size: 17px; line-height: normal; font-family: Times; color: rgb(29, 29, 29);\"><i>\u201e...Damit h\u00fcllt Hanschel die Lyrik Rossettis in eine der Kammermusik nahe Klangwelt ein, die Eva Mayerhofer den notwendigen luftigen Spielraum f\u00fcr die Entdeckungsreise in die Poesie jener vergangenen viktorianischen Zeit und der sonst in der Vergessenheit schlummernden Worte der Dichterin \u00f6ffnet. Mit ihren eigenen Mitteln des gef\u00fchlvollen gesanglichen Ausdrucks bl\u00e4st Mayer- hofer den Staub zur Seite und macht sie damit f\u00fcr die Gegenwart der Tontr\u00e4ger zeitlos lebendig.\u201c <\/i><span style=\"color: #20696e\">(1\/17 Concerto)&nbsp;<\/span><\/p>\n<p style=\"margin-right: 0px; margin-bottom: 12px; margin-left: 0px; font-weight: normal; font-stretch: normal; font-size: 17px; line-height: normal; font-family: Times; color: rgb(29, 29, 29);\"><i>\u201e Zusammen mit Roger Hanschel entstand eine wundervolle Vocal Jazz &amp; Kammermusik-Scheibe, die verzaubert und bet\u00f6rt.\u201c&nbsp;<\/i><\/p><p style=\"margin-right: 0px; margin-bottom: 12px; margin-left: 0px; font-weight: normal; font-stretch: normal; font-size: 17px; line-height: normal; font-family: Times; color: rgb(29, 29, 29);\"><span style=\"color: rgb(32, 105, 110); letter-spacing: 0px; text-align: inherit;\">(3\/17 InMusic)&nbsp;<\/span><\/p>\n\n<p style=\"margin-right: 0px; margin-left: 0px; font-weight: normal; font-stretch: normal; font-size: 11px; line-height: normal; font-family: Helvetica; color: rgb(0, 0, 0); min-height: 13px;\"><br><\/p><\/h2>\t\t<\/div>\n\t\t\t\t<\/div>\n\t\t\t\t\t<\/div>\n\t\t<\/div>\n\t\t\t\t\t<\/div>\n\t\t<\/section>\n\t\t\t\t<section class=\"elementor-section elementor-top-section elementor-element elementor-element-29b940a elementor-section-boxed elementor-section-height-default elementor-section-height-default\" data-id=\"29b940a\" data-element_type=\"section\">\n\t\t\t\t\t\t\t<div class=\"elementor-background-overlay\"><\/div>\n\t\t\t\t\t\t\t<div class=\"elementor-container elementor-column-gap-default\">\n\t\t\t\t\t<div class=\"elementor-column elementor-col-100 elementor-top-column elementor-element elementor-element-5a8fc44\" data-id=\"5a8fc44\" data-element_type=\"column\">\n\t\t\t<div class=\"elementor-widget-wrap elementor-element-populated\">\n\t\t\t\t\t\t<div class=\"elementor-element elementor-element-02c4e65 elementor-widget elementor-widget-spacer\" data-id=\"02c4e65\" data-element_type=\"widget\" data-widget_type=\"spacer.default\">\n\t\t\t\t<div class=\"elementor-widget-container\">\n\t\t\t<style>\/*! elementor - v3.19.0 - 07-02-2024 *\/\n.elementor-column .elementor-spacer-inner{height:var(--spacer-size)}.e-con{--container-widget-width:100%}.e-con-inner>.elementor-widget-spacer,.e-con>.elementor-widget-spacer{width:var(--container-widget-width,var(--spacer-size));--align-self:var(--container-widget-align-self,initial);--flex-shrink:0}.e-con-inner>.elementor-widget-spacer>.elementor-widget-container,.e-con>.elementor-widget-spacer>.elementor-widget-container{height:100%;width:100%}.e-con-inner>.elementor-widget-spacer>.elementor-widget-container>.elementor-spacer,.e-con>.elementor-widget-spacer>.elementor-widget-container>.elementor-spacer{height:100%}.e-con-inner>.elementor-widget-spacer>.elementor-widget-container>.elementor-spacer>.elementor-spacer-inner,.e-con>.elementor-widget-spacer>.elementor-widget-container>.elementor-spacer>.elementor-spacer-inner{height:var(--container-widget-height,var(--spacer-size))}.e-con-inner>.elementor-widget-spacer.elementor-widget-empty,.e-con>.elementor-widget-spacer.elementor-widget-empty{position:relative;min-height:22px;min-width:22px}.e-con-inner>.elementor-widget-spacer.elementor-widget-empty .elementor-widget-empty-icon,.e-con>.elementor-widget-spacer.elementor-widget-empty .elementor-widget-empty-icon{position:absolute;top:0;bottom:0;left:0;right:0;margin:auto;padding:0;width:22px;height:22px}<\/style>\t\t<div class=\"elementor-spacer\">\n\t\t\t<div class=\"elementor-spacer-inner\"><\/div>\n\t\t<\/div>\n\t\t\t\t<\/div>\n\t\t\t\t<\/div>\n\t\t\t\t<div class=\"elementor-element elementor-element-816eabe elementor-widget elementor-widget-image\" data-id=\"816eabe\" data-element_type=\"widget\" data-widget_type=\"image.default\">\n\t\t\t\t<div class=\"elementor-widget-container\">\n\t\t\t\t\t\t\t\t\t\t\t\t\t<img decoding=\"async\" width=\"293\" height=\"290\" src=\"https:\/\/evamayerhofer.de\/wp-content\/uploads\/2022\/08\/CD-cover-lofty-7h.jpg\" class=\"attachment-full size-full wp-image-1474\" alt=\"\" srcset=\"https:\/\/evamayerhofer.de\/wp-content\/uploads\/2022\/08\/CD-cover-lofty-7h.jpg 293w, https:\/\/evamayerhofer.de\/wp-content\/uploads\/2022\/08\/CD-cover-lofty-7h-12x12.jpg 12w\" sizes=\"(max-width: 293px) 100vw, 293px\" \/>\t\t\t\t\t\t\t\t\t\t\t\t\t<\/div>\n\t\t\t\t<\/div>\n\t\t\t\t<div class=\"elementor-element elementor-element-645789c elementor-widget elementor-widget-heading\" data-id=\"645789c\" data-element_type=\"widget\" data-widget_type=\"heading.default\">\n\t\t\t\t<div class=\"elementor-widget-container\">\n\t\t\t<h2 class=\"elementor-heading-title elementor-size-default\"><p style=\"margin-right: 0px; margin-bottom: 0px; margin-left: 0px; font-weight: normal; font-stretch: normal; font-size: 24px; line-height: normal; font-family: Times; color: rgb(0, 0, 0);\"><i>Pressestimmen<\/i><\/p><p style=\"margin-right: 0px; margin-bottom: 0px; margin-left: 0px; font-weight: normal; font-stretch: normal; font-size: 16px; line-height: normal; font-family: Times; color: rgb(0, 0, 0);\"><br><\/p><p style=\"margin-right: 0px; margin-bottom: 0px; margin-left: 0px; font-weight: normal; font-stretch: normal; font-size: 16px; line-height: normal; font-family: Times; color: rgb(0, 0, 0);\"><i>CD LOFTY GROUND 2012 :<\/i><\/p><p style=\"margin-right: 0px; margin-bottom: 0px; margin-left: 0px; font-weight: normal; font-stretch: normal; font-size: 16px; line-height: normal; font-family: Times; color: rgb(0, 0, 0); min-height: 19px;\"><br><\/p><p style=\"margin-right: 0px; margin-bottom: 0px; margin-left: 0px; font-weight: normal; font-stretch: normal; font-size: 16px; line-height: normal; font-family: Times; color: rgb(0, 0, 0);\"><i>\u201c...Wenn sie singt, geht ein einziges Schwingen von ihr aus, erf\u00fclllt den Raum mit Schwerelosigkeit...\u201c (Mannheimer Morgen 11.04.2012 )<\/i><\/p><p style=\"margin-right: 0px; margin-bottom: 0px; margin-left: 0px; font-weight: normal; font-stretch: normal; font-size: 16px; line-height: normal; font-family: Times; color: rgb(0, 0, 0);\"><br><\/p>\n<p style=\"margin-right: 0px; margin-bottom: 0px; margin-left: 0px; font-weight: normal; font-stretch: normal; font-size: 16px; line-height: normal; font-family: Times; color: rgb(0, 0, 0);\"><i>\u201c..Es besticht die Nat\u00fcrlichkeit, der unpr\u00e4tenti\u00f6se Gesang und die Verschmelzung von vokaler und instrumentaler Kunst ..\u201c<\/i><\/p><p style=\"margin-right: 0px; margin-bottom: 0px; margin-left: 0px; font-weight: normal; font-stretch: normal; font-size: 16px; line-height: normal; font-family: Times; color: rgb(0, 0, 0);\"><i>(Jazzpodium Mai 2012)<\/i><\/p><p style=\"margin-right: 0px; margin-bottom: 0px; margin-left: 0px; font-weight: normal; font-stretch: normal; font-size: 16px; line-height: normal; font-family: Times; color: rgb(0, 0, 0); min-height: 19px;\"><br><\/p><p style=\"margin-right: 0px; margin-bottom: 0px; margin-left: 0px; font-weight: normal; font-stretch: normal; font-size: 16px; line-height: normal; font-family: Times; color: rgb(0, 0, 0);\"><i>\u201c\u201e.. Durch ihre klare Stimme ein Album voller purer Freude und Energie. Lebendig und gekonnt mit besonderen Klanglandschaften ihrer Stimme in der Musik..\u201d (Digitale Jazz-Zeitung 2012)<\/i><\/p>\n<p style=\"margin-right: 0px; margin-bottom: 0px; margin-left: 0px; font-weight: normal; font-stretch: normal; font-size: 16px; line-height: normal; font-family: Times; color: rgb(0, 0, 0);\"><i>&nbsp;<\/i><\/p><p style=\"margin-right: 0px; margin-bottom: 0px; margin-left: 0px; font-weight: normal; font-stretch: normal; font-size: 16px; line-height: normal; font-family: Times; color: rgb(0, 0, 0);\"><i>\u201c..Zu ihrer Band geh\u00f6ren der geschmeidige Bassist Matthias Nowak, der mit viel Sinn f\u00fcr Dezenz und Raffinesse spielende Schlagzeuger Marcus Rieck und Lars Duppler am bereits erw\u00e4hnten Fender Rhodes. \u201e Meine Stimme ist tief im Klang meiner Band und in den Arrangements der Songs eingebettet\", freut Eva Mayerhofer sich - vielleicht ist \"Lofty Ground\" deshalb so eine runde Sache .\u201d&nbsp;<\/i><\/p>\n<p style=\"margin-right: 0px; margin-bottom: 0px; margin-left: 0px; font-weight: normal; font-stretch: normal; font-size: 16px; line-height: normal; font-family: Times; color: rgb(0, 0, 0);\"><i>(Jazzthing 2012)<\/i><\/p>\n<p style=\"margin-right: 0px; margin-bottom: 0px; margin-left: 0px; font-weight: normal; font-stretch: normal; font-size: 16px; line-height: normal; font-family: Times; color: rgb(0, 0, 0);\"><i>&nbsp;<\/i><\/p><br><p style=\"margin-right: 0px; margin-bottom: 0px; margin-left: 0px; font-weight: normal; font-stretch: normal; font-size: 16px; line-height: normal; font-family: Times; color: rgb(0, 0, 0);\"><i style=\"letter-spacing: 0px; text-align: inherit;\">\u201c...Lofty Ground jedenfalls ist eine reife und sehr sch\u00f6ne Platte zwischen Jazz und Brasil mit Abstechern in weitere Genres geworden. <\/i><\/p><p style=\"margin-right: 0px; margin-left: 0px; font-weight: normal; font-stretch: normal; font-size: 16px; line-height: normal; font-family: Times; color: rgb(0, 0, 0);\"><i>\nZwei Nummern stammen von Antonio Carlos Jobim, die anderen sieben sind Eigenkompositionen. Die geb\u00fcrtige Heidelbergerin, die 2009 nach K\u00f6ln an den Rhein zog und mit Lars Duppler, der hier auf Fender Rhodes und Moog f\u00fcr durchweg wohlig-warme Kl\u00e4nge sorgt, Bassist Matthias Nowak und Drummer Marcus Rieck ihr um gelegentliche G\u00e4ste erweitertes Stammtrio f\u00fcr diese Aufnahme gefunden hat, verw\u00f6hnt mit ihrer angenehmen Altstimme und das Quartett insgesamt, mit einem ausgewogenen-Sound und den so elegant entspannten Arrangements der St\u00fccke. <br>\nSo l\u00e4ssig und vertr\u00e4umt wie hier klang zum Beispiel Jobims Klassiker \"Corcovado\u201c wohl selten. Und auch sonst ist dies ein Meisterwerk an stimmungsvollen T\u00f6nen geworden. \u201d (Jazzthetik Mai 2012)<\/i><\/p><\/h2>\t\t<\/div>\n\t\t\t\t<\/div>\n\t\t\t\t\t<\/div>\n\t\t<\/div>\n\t\t\t\t\t<\/div>\n\t\t<\/section>\n\t\t\t\t<section class=\"elementor-section elementor-top-section elementor-element elementor-element-15b5d6e elementor-section-boxed elementor-section-height-default elementor-section-height-default\" data-id=\"15b5d6e\" data-element_type=\"section\">\n\t\t\t\t\t\t<div class=\"elementor-container elementor-column-gap-default\">\n\t\t\t\t\t<div class=\"elementor-column elementor-col-100 elementor-top-column elementor-element elementor-element-bbe573b\" data-id=\"bbe573b\" data-element_type=\"column\">\n\t\t\t<div class=\"elementor-widget-wrap elementor-element-populated\">\n\t\t\t\t\t\t<div class=\"elementor-element elementor-element-804465e elementor-widget elementor-widget-spacer\" data-id=\"804465e\" data-element_type=\"widget\" data-widget_type=\"spacer.default\">\n\t\t\t\t<div class=\"elementor-widget-container\">\n\t\t\t\t\t<div class=\"elementor-spacer\">\n\t\t\t<div class=\"elementor-spacer-inner\"><\/div>\n\t\t<\/div>\n\t\t\t\t<\/div>\n\t\t\t\t<\/div>\n\t\t\t\t\t<\/div>\n\t\t<\/div>\n\t\t\t\t\t<\/div>\n\t\t<\/section>\n\t\t\t\t<\/div>","protected":false},"excerpt":{"rendered":"<p>Pressestimmen CD \u201eLife And Death\u201c 2017&nbsp; \u201eGemeinsam mit Roger Hanschel widmet sich Eva Mayerhofer (\u201eLife And Death\u201c,Neuklang In-akus- tik) der Lyrik von Christina Rossetti. Neben den fast schon kunstliedhaft anglegten Kompositionen Hanschels begeistert Eva Mayerhofer mit einer allein schon insofern au\u00dfergew\u00f6hnlichen gesang- lichen Leistung, als sie es brillant versteht, ihre Stimme mal flie\u00dfend in die [&hellip;]<\/p>","protected":false},"author":1,"featured_media":0,"parent":0,"menu_order":0,"comment_status":"closed","ping_status":"closed","template":"elementor_header_footer","meta":{"footnotes":""},"class_list":["post-1465","page","type-page","status-publish","hentry"],"_links":{"self":[{"href":"https:\/\/evamayerhofer.de\/en\/wp-json\/wp\/v2\/pages\/1465","targetHints":{"allow":["GET"]}}],"collection":[{"href":"https:\/\/evamayerhofer.de\/en\/wp-json\/wp\/v2\/pages"}],"about":[{"href":"https:\/\/evamayerhofer.de\/en\/wp-json\/wp\/v2\/types\/page"}],"author":[{"embeddable":true,"href":"https:\/\/evamayerhofer.de\/en\/wp-json\/wp\/v2\/users\/1"}],"replies":[{"embeddable":true,"href":"https:\/\/evamayerhofer.de\/en\/wp-json\/wp\/v2\/comments?post=1465"}],"version-history":[{"count":10,"href":"https:\/\/evamayerhofer.de\/en\/wp-json\/wp\/v2\/pages\/1465\/revisions"}],"predecessor-version":[{"id":1763,"href":"https:\/\/evamayerhofer.de\/en\/wp-json\/wp\/v2\/pages\/1465\/revisions\/1763"}],"wp:attachment":[{"href":"https:\/\/evamayerhofer.de\/en\/wp-json\/wp\/v2\/media?parent=1465"}],"curies":[{"name":"wp","href":"https:\/\/api.w.org\/{rel}","templated":true}]}}