{"id":109,"date":"2022-03-15T08:28:33","date_gmt":"2022-03-15T07:28:33","guid":{"rendered":"https:\/\/evamayerhofer.de\/?page_id=109"},"modified":"2024-04-28T18:17:45","modified_gmt":"2024-04-28T16:17:45","slug":"vita","status":"publish","type":"page","link":"https:\/\/evamayerhofer.de\/en\/vita\/","title":{"rendered":"Vita"},"content":{"rendered":"<div data-elementor-type=\"wp-page\" data-elementor-id=\"109\" class=\"elementor elementor-109\">\n\t\t\t\t\t\t<section class=\"elementor-section elementor-top-section elementor-element elementor-element-b2f36ac elementor-section-boxed elementor-section-height-default elementor-section-height-default\" data-id=\"b2f36ac\" data-element_type=\"section\">\n\t\t\t\t\t\t<div class=\"elementor-container elementor-column-gap-default\">\n\t\t\t\t\t<div class=\"elementor-column elementor-col-33 elementor-top-column elementor-element elementor-element-46e56d8\" data-id=\"46e56d8\" data-element_type=\"column\">\n\t\t\t<div class=\"elementor-widget-wrap elementor-element-populated\">\n\t\t\t\t\t\t<div class=\"elementor-element elementor-element-883d4cf elementor-widget elementor-widget-image\" data-id=\"883d4cf\" data-element_type=\"widget\" data-widget_type=\"image.default\">\n\t\t\t\t<div class=\"elementor-widget-container\">\n\t\t\t<style>\/*! elementor - v3.19.0 - 07-02-2024 *\/\n.elementor-widget-image{text-align:center}.elementor-widget-image a{display:inline-block}.elementor-widget-image a img[src$=\".svg\"]{width:48px}.elementor-widget-image img{vertical-align:middle;display:inline-block}<\/style>\t\t\t\t\t\t\t\t\t\t<img fetchpriority=\"high\" decoding=\"async\" width=\"788\" height=\"706\" src=\"https:\/\/evamayerhofer.de\/wp-content\/uploads\/2022\/03\/thumbnail.jpeg\" class=\"attachment-large size-large wp-image-28\" alt=\"\" srcset=\"https:\/\/evamayerhofer.de\/wp-content\/uploads\/2022\/03\/thumbnail.jpeg 788w, https:\/\/evamayerhofer.de\/wp-content\/uploads\/2022\/03\/thumbnail-300x269.jpeg 300w, https:\/\/evamayerhofer.de\/wp-content\/uploads\/2022\/03\/thumbnail-768x688.jpeg 768w, https:\/\/evamayerhofer.de\/wp-content\/uploads\/2022\/03\/thumbnail-13x12.jpeg 13w\" sizes=\"(max-width: 788px) 100vw, 788px\" \/>\t\t\t\t\t\t\t\t\t\t\t\t\t<\/div>\n\t\t\t\t<\/div>\n\t\t\t\t\t<\/div>\n\t\t<\/div>\n\t\t\t\t<div class=\"elementor-column elementor-col-33 elementor-top-column elementor-element elementor-element-9492b6a\" data-id=\"9492b6a\" data-element_type=\"column\">\n\t\t\t<div class=\"elementor-widget-wrap elementor-element-populated\">\n\t\t\t\t\t\t<div class=\"elementor-element elementor-element-469bfb5 elementor-widget elementor-widget-image\" data-id=\"469bfb5\" data-element_type=\"widget\" data-widget_type=\"image.default\">\n\t\t\t\t<div class=\"elementor-widget-container\">\n\t\t\t\t\t\t\t\t\t\t\t\t\t<img fetchpriority=\"high\" decoding=\"async\" width=\"788\" height=\"706\" src=\"https:\/\/evamayerhofer.de\/wp-content\/uploads\/2022\/03\/thumbnail.jpeg\" class=\"attachment-large size-large wp-image-28\" alt=\"\" srcset=\"https:\/\/evamayerhofer.de\/wp-content\/uploads\/2022\/03\/thumbnail.jpeg 788w, https:\/\/evamayerhofer.de\/wp-content\/uploads\/2022\/03\/thumbnail-300x269.jpeg 300w, https:\/\/evamayerhofer.de\/wp-content\/uploads\/2022\/03\/thumbnail-768x688.jpeg 768w, https:\/\/evamayerhofer.de\/wp-content\/uploads\/2022\/03\/thumbnail-13x12.jpeg 13w\" sizes=\"(max-width: 788px) 100vw, 788px\" \/>\t\t\t\t\t\t\t\t\t\t\t\t\t<\/div>\n\t\t\t\t<\/div>\n\t\t\t\t\t<\/div>\n\t\t<\/div>\n\t\t\t\t<div class=\"elementor-column elementor-col-33 elementor-top-column elementor-element elementor-element-260ab5f\" data-id=\"260ab5f\" data-element_type=\"column\">\n\t\t\t<div class=\"elementor-widget-wrap elementor-element-populated\">\n\t\t\t\t\t\t<div class=\"elementor-element elementor-element-2b2c0e7 elementor-widget elementor-widget-image\" data-id=\"2b2c0e7\" data-element_type=\"widget\" data-widget_type=\"image.default\">\n\t\t\t\t<div class=\"elementor-widget-container\">\n\t\t\t\t\t\t\t\t\t\t\t\t\t<img fetchpriority=\"high\" decoding=\"async\" width=\"788\" height=\"706\" src=\"https:\/\/evamayerhofer.de\/wp-content\/uploads\/2022\/03\/thumbnail.jpeg\" class=\"attachment-large size-large wp-image-28\" alt=\"\" srcset=\"https:\/\/evamayerhofer.de\/wp-content\/uploads\/2022\/03\/thumbnail.jpeg 788w, https:\/\/evamayerhofer.de\/wp-content\/uploads\/2022\/03\/thumbnail-300x269.jpeg 300w, https:\/\/evamayerhofer.de\/wp-content\/uploads\/2022\/03\/thumbnail-768x688.jpeg 768w, https:\/\/evamayerhofer.de\/wp-content\/uploads\/2022\/03\/thumbnail-13x12.jpeg 13w\" sizes=\"(max-width: 788px) 100vw, 788px\" \/>\t\t\t\t\t\t\t\t\t\t\t\t\t<\/div>\n\t\t\t\t<\/div>\n\t\t\t\t\t<\/div>\n\t\t<\/div>\n\t\t\t\t\t<\/div>\n\t\t<\/section>\n\t\t\t\t<section class=\"elementor-section elementor-top-section elementor-element elementor-element-3ba910c elementor-section-boxed elementor-section-height-default elementor-section-height-default\" data-id=\"3ba910c\" data-element_type=\"section\">\n\t\t\t\t\t\t<div class=\"elementor-container elementor-column-gap-default\">\n\t\t\t\t\t<div class=\"elementor-column elementor-col-100 elementor-top-column elementor-element elementor-element-11a6546\" data-id=\"11a6546\" data-element_type=\"column\">\n\t\t\t<div class=\"elementor-widget-wrap\">\n\t\t\t\t\t\t\t<\/div>\n\t\t<\/div>\n\t\t\t\t\t<\/div>\n\t\t<\/section>\n\t\t\t\t<section class=\"elementor-section elementor-top-section elementor-element elementor-element-2134fd7 elementor-section-boxed elementor-section-height-default elementor-section-height-default\" data-id=\"2134fd7\" data-element_type=\"section\">\n\t\t\t\t\t\t<div class=\"elementor-container elementor-column-gap-default\">\n\t\t\t\t\t<div class=\"elementor-column elementor-col-100 elementor-top-column elementor-element elementor-element-fd85be2\" data-id=\"fd85be2\" data-element_type=\"column\">\n\t\t\t<div class=\"elementor-widget-wrap elementor-element-populated\">\n\t\t\t\t\t\t<div class=\"elementor-element elementor-element-1c7c3ca elementor-widget__width-initial elementor-widget elementor-widget-text-editor\" data-id=\"1c7c3ca\" data-element_type=\"widget\" data-widget_type=\"text-editor.default\">\n\t\t\t\t<div class=\"elementor-widget-container\">\n\t\t\t<style>\/*! elementor - v3.19.0 - 07-02-2024 *\/\n.elementor-widget-text-editor.elementor-drop-cap-view-stacked .elementor-drop-cap{background-color:#69727d;color:#fff}.elementor-widget-text-editor.elementor-drop-cap-view-framed .elementor-drop-cap{color:#69727d;border:3px solid;background-color:transparent}.elementor-widget-text-editor:not(.elementor-drop-cap-view-default) .elementor-drop-cap{margin-top:8px}.elementor-widget-text-editor:not(.elementor-drop-cap-view-default) .elementor-drop-cap-letter{width:1em;height:1em}.elementor-widget-text-editor .elementor-drop-cap{float:left;text-align:center;line-height:1;font-size:50px}.elementor-widget-text-editor .elementor-drop-cap-letter{display:inline-block}<\/style>\t\t\t\t<p>Eva Mayerhofer studierte JazzGesang an der Swiss Jazz School in Bern (Schweiz) und an der Hochschule f\u00fcr Musik und Theater in Hannover. Als gefragte Solistin war sie immer wieder mit unterschiedlichen Bands und Projekten in ganz Deutschland zu h\u00f6ren.<\/p>\n<p>Ihre musikalische Zusammenarbeit mit dem deutschen Pianisten Rolf Zielke und dem t\u00fcrkischen PerkussionistenMustafa Bozt\u00fcy lie\u00df 1995 mit einer damals noch ungew\u00f6hnlichen Mixtur aus Modern Jazz und orientalischer Musik aufhorchen. Mit diesem Trio, das Mayerhofers stilistische Flexibilit\u00e4t ebenso unterstrich wie ihre virtuose Vokalkunst, legte sie f\u00fcr sich den Grundstein f\u00fcr weitere Projekte, bei denen sie als S\u00e4ngerin beteiligt war \u2013 wie beispielsweise beim kammermusikalischen <b>Duo Anyone <\/b>mit dem Gitarristen Hanno Giulini oder beim Electro- Jazz-Lounge-Projekt<b> Sapporo Sound Motel <\/b>des Gitarristen Christian Eckert.<\/p>\n<p>Mit ihrem <b>Jazz-Quartett <\/b>bestehend aus K\u00f6lner Musikern ver\u00f6ffentlichte Eva Mayerhofer 2012 die CD &#8222;Lofty Ground\u201c auf der sie erstmals auch als Komponistin in Erscheinung tritt.<span style=\"color: var( --e-global-color-text ); font-family: var( --e-global-typography-text-font-family ), Sans-serif; font-size: var( --e-global-typography-text-font-size ); letter-spacing: 0px;\">2018 erschien die <\/span><b style=\"color: var( --e-global-color-text ); font-family: var( --e-global-typography-text-font-family ), Sans-serif; font-size: var( --e-global-typography-text-font-size ); letter-spacing: 0px;\">CD &#8222;Life and Death&#8220;<\/b><span style=\"color: var( --e-global-color-text ); font-family: var( --e-global-typography-text-font-family ), Sans-serif; font-size: var( --e-global-typography-text-font-size ); letter-spacing: 0px;\"> , Gedichtvertonungen der englischen Poetin Christina Rossetti (1830-1894) mit Kompositionen von Saxophonist Roger Hanschel, f\u00fcr Stimme, Saxophon, Streich-Trio, Kontrabass und Perkussion.&nbsp;<\/span><span style=\"color: var( --e-global-color-text ); font-family: var( --e-global-typography-text-font-family ), Sans-serif; font-size: var( --e-global-typography-text-font-size ); letter-spacing: 0px;\">Als Solistin arbeitete die S\u00e4ngerin u.a. mit : hr- Big Band (Frankfurt), Tobias Kremer Big Band (K\u00f6ln), Swingende Philharmoniker (Mainz), <\/span><b style=\"color: var( --e-global-color-text ); font-family: var( --e-global-typography-text-font-family ), Sans-serif; font-size: var( --e-global-typography-text-font-size ); letter-spacing: 0px;\">Frankfurt Jazz Trio<\/b><span style=\"color: var( --e-global-color-text ); font-family: var( --e-global-typography-text-font-family ), Sans-serif; font-size: var( --e-global-typography-text-font-size ); letter-spacing: 0px;\">, Kicks \u2019n Sticks Bigband (Mannheim), LE-Big Band (Stuttgart).<\/span><\/p>\t\t\t\t\t\t<\/div>\n\t\t\t\t<\/div>\n\t\t\t\t\t<\/div>\n\t\t<\/div>\n\t\t\t\t\t<\/div>\n\t\t<\/section>\n\t\t\t\t<\/div>","protected":false},"excerpt":{"rendered":"<p>Eva Mayerhofer studierte JazzGesang an der Swiss Jazz School in Bern (Schweiz) und an der Hochschule f\u00fcr Musik und Theater in Hannover. Als gefragte Solistin war sie immer wieder mit unterschiedlichen Bands und Projekten in ganz Deutschland zu h\u00f6ren. Ihre musikalische Zusammenarbeit mit dem deutschen Pianisten Rolf Zielke und dem t\u00fcrkischen PerkussionistenMustafa Bozt\u00fcy lie\u00df 1995 [&hellip;]<\/p>","protected":false},"author":1,"featured_media":0,"parent":0,"menu_order":0,"comment_status":"closed","ping_status":"closed","template":"elementor_header_footer","meta":{"footnotes":""},"class_list":["post-109","page","type-page","status-publish","hentry"],"_links":{"self":[{"href":"https:\/\/evamayerhofer.de\/en\/wp-json\/wp\/v2\/pages\/109","targetHints":{"allow":["GET"]}}],"collection":[{"href":"https:\/\/evamayerhofer.de\/en\/wp-json\/wp\/v2\/pages"}],"about":[{"href":"https:\/\/evamayerhofer.de\/en\/wp-json\/wp\/v2\/types\/page"}],"author":[{"embeddable":true,"href":"https:\/\/evamayerhofer.de\/en\/wp-json\/wp\/v2\/users\/1"}],"replies":[{"embeddable":true,"href":"https:\/\/evamayerhofer.de\/en\/wp-json\/wp\/v2\/comments?post=109"}],"version-history":[{"count":10,"href":"https:\/\/evamayerhofer.de\/en\/wp-json\/wp\/v2\/pages\/109\/revisions"}],"predecessor-version":[{"id":2331,"href":"https:\/\/evamayerhofer.de\/en\/wp-json\/wp\/v2\/pages\/109\/revisions\/2331"}],"wp:attachment":[{"href":"https:\/\/evamayerhofer.de\/en\/wp-json\/wp\/v2\/media?parent=109"}],"curies":[{"name":"wp","href":"https:\/\/api.w.org\/{rel}","templated":true}]}}